{"id":2,"date":"2024-04-16T10:34:35","date_gmt":"2024-04-16T10:34:35","guid":{"rendered":"https:\/\/bic.feuerzeug.com\/blog\/?page_id=2"},"modified":"2024-07-09T09:10:18","modified_gmt":"2024-07-09T09:10:18","slug":"werbeartikel-trends-tipps","status":"publish","type":"page","link":"https:\/\/bic.feuerzeug.com\/blog\/","title":{"rendered":"Werbeartikel Trends &amp; Tipps"},"content":{"rendered":"\n<div class=\"wp-block-columns is-layout-flex wp-container-core-columns-is-layout-28f84493 wp-block-columns-is-layout-flex\">\n<div class=\"wp-block-column has-base-2-background-color has-background is-layout-flow wp-block-column-is-layout-flow\" style=\"padding-right:var(--wp--preset--spacing--20);padding-left:var(--wp--preset--spacing--20);flex-basis:66.66%\"><div id=\"caf-post-layout-container\" class=\"caf-post-layout-container \r\n     filter-layout1 post-layout1 \r\n     data-target-div1\"\r\n     data-post-type=\"post\"\r\n     data-tax=\"category,post_tag\"\r\n     data-terms=\"category___9,category___3,category___1\"\r\n     data-per-page=\"3\"\r\n     data-selected-terms=\"category___9,category___3,category___1\"\r\n     data-filter-id=\"64\"\r\n     data-post-layout=\"post-layout1\"\r\n     data-filter-layout=\"filter-layout1\"\r\n     data-target-div=\"data-target-div1\"\r\n     data-relation=\"IN\"\r\n     data-default-term=\"all\"\r\n     data-scroll=\"desktop\"\r\n     data-scroll-desk=\"-100\"\r\n     data-scroll-mob=\"-100\"\r\n     current-post-id=\"2\"\r\n     data-order-by=\"date\"\r\n     data-order-type=\"desc\"\r\n     active-filters=\"on\"\r\n     active-filters-style=\"without_tax\"\r\n     ><div id=\"caf-filter-layout1\" class='caf-filter-layout data-target-div1 '>\r\n    <ul class=\"caf-filter-container caf-filter-layout1\">\r\n        <li class=\"caf-mb-4\"><a href=\"#\" data-id=\"category___9,category___3,category___1\" data-main-id=\"flt\" class=\" abc active\" data-target-div=\"data-target-div1\">Alle<\/a><\/li><li class='caf-mb-4'><a href='#' data-id='category___9' data-main-id='flt' data-target-div='data-target-div1' class=''><i class=' caf-front-ic'><\/i>Kundenstories<\/a><\/li><li class='caf-mb-4'><a href='#' data-id='category___3' data-main-id='flt' data-target-div='data-target-div1' class=''><i class=' caf-front-ic'><\/i>News<\/a><\/li><li class='caf-mb-4'><a href='#' data-id='category___1' data-main-id='flt' data-target-div='data-target-div1' class=''><i class=' caf-front-ic'><\/i>Produktneuheiten<\/a><\/li><\/ul><\/li>    <\/ul>\r\n<\/div><div class='caf-active-filters'><ul><\/ul><\/div><div id='manage-ajax-response' class='caf-row'><div class=\"status\"><i class=\"fa fa-spinner\" aria-hidden=\"true\"><\/i><\/div><div class=\"content\"><\/div><\/div><\/div>\n<\/div>\n\n\n\n<div class=\"wp-block-column is-layout-flow wp-block-column-is-layout-flow\" style=\"padding-top:0;padding-right:0;padding-bottom:0;padding-left:0;flex-basis:33.33%\">\n<div class=\"wp-block-group has-base-2-background-color has-background has-global-padding is-layout-constrained wp-container-core-group-is-layout-00d996d5 wp-block-group-is-layout-constrained\" style=\"padding-top:var(--wp--preset--spacing--10);padding-right:var(--wp--preset--spacing--10);padding-bottom:var(--wp--preset--spacing--10);padding-left:var(--wp--preset--spacing--10)\"><form role=\"search\" method=\"get\" action=\"https:\/\/bic.feuerzeug.com\/blog\/\" class=\"wp-block-search__button-outside wp-block-search__text-button searchfield wp-block-search\"    ><label class=\"wp-block-search__label\" for=\"wp-block-search__input-1\" >Suchen<\/label><div class=\"wp-block-search__inside-wrapper\"  style=\"width: 100%\"><input class=\"wp-block-search__input\" id=\"wp-block-search__input-1\" placeholder=\"\" value=\"\" type=\"search\" name=\"s\" required \/><button aria-label=\"Suchen\" class=\"wp-block-search__button has-background has-custom-blau-background-color wp-element-button\" type=\"submit\" >Suchen<\/button><\/div><\/form><\/div>\n\n\n\n<div class=\"wp-block-group has-base-2-background-color has-background has-global-padding is-layout-constrained wp-container-core-group-is-layout-7cd83b09 wp-block-group-is-layout-constrained\" style=\"padding-top:var(--wp--preset--spacing--10);padding-right:var(--wp--preset--spacing--10);padding-bottom:var(--wp--preset--spacing--10);padding-left:var(--wp--preset--spacing--10)\">\n<h4 class=\"wp-block-heading\">\u00dcber unseren BiC Feuerzeuge Blog<\/h4>\n\n\n\n<p style=\"padding-right:var(--wp--preset--spacing--10);padding-left:var(--wp--preset--spacing--10)\">In der Werbeartikel-Branche tut sich st\u00e4ndig was. In unserem Blog berichten wir \u00fcber Produktinnovationen, aber auch \u00fcber andere, wissenswerte Themen. Viel Spa\u00df beim Lesen.&nbsp;<\/p>\n<\/div>\n\n\n\n<div class=\"wp-block-group blog-list has-base-2-background-color has-background has-global-padding is-layout-constrained wp-container-core-group-is-layout-7cd83b09 wp-block-group-is-layout-constrained\" style=\"padding-top:var(--wp--preset--spacing--10);padding-right:var(--wp--preset--spacing--10);padding-bottom:var(--wp--preset--spacing--10);padding-left:var(--wp--preset--spacing--10)\">\n<h3 class=\"wp-block-heading\" style=\"margin-top:0;margin-bottom:0\">Aktuelle Beitr\u00e4ge<\/h3>\n\n\n<ul style=\"padding-top:var(--wp--preset--spacing--10);padding-bottom:var(--wp--preset--spacing--10);margin-top:0;margin-bottom:0;\" class=\"wp-block-latest-posts__list has-dates wp-block-latest-posts\"><li><a class=\"wp-block-latest-posts__post-title\" href=\"https:\/\/bic.feuerzeug.com\/blog\/das-perfekte-werbemittel-das-bic-ez-reach-stabfeuerzeug\/\">Das perfekte Werbemittel: Das BIC EZ Reach Stabfeuerzeug!<\/a><time datetime=\"2024-09-17T09:15:10+00:00\" class=\"wp-block-latest-posts__post-date\">17. September 2024<\/time><\/li>\n<li><a class=\"wp-block-latest-posts__post-title\" href=\"https:\/\/bic.feuerzeug.com\/blog\/kreative-druckmotive-auf-funktionellem-werbeartikel\/\">Kreative Druckmotive auf funktionellem Werbeartikel!<\/a><time datetime=\"2024-08-20T07:24:44+00:00\" class=\"wp-block-latest-posts__post-date\">20. August 2024<\/time><\/li>\n<li><a class=\"wp-block-latest-posts__post-title\" href=\"https:\/\/bic.feuerzeug.com\/blog\/vom-kunden-zum-fan-buehnenbau-schnakenberg-feiert-one-stop-werbeartikel-shopping-bei-coe-promotion\/\">Vom Kunden zum Fan: B\u00fchnenbau Schnakenberg feiert one-stop-Werbeartikel-shopping bei COE promotion<\/a><time datetime=\"2024-04-23T19:18:24+00:00\" class=\"wp-block-latest-posts__post-date\">23. April 2024<\/time><\/li>\n<\/ul><\/div>\n\n\n\n<div class=\"wp-block-group blog-list has-base-2-background-color has-background has-global-padding is-layout-constrained wp-container-core-group-is-layout-7cd83b09 wp-block-group-is-layout-constrained\" style=\"padding-top:var(--wp--preset--spacing--10);padding-right:var(--wp--preset--spacing--10);padding-bottom:var(--wp--preset--spacing--10);padding-left:var(--wp--preset--spacing--10)\">\n<h3 class=\"wp-block-heading\" style=\"margin-top:0;margin-bottom:0\">Kategorien<\/h3>\n\n\n<ul class=\"wp-block-categories-list wp-block-categories\">\t<li class=\"cat-item cat-item-9\"><a href=\"https:\/\/bic.feuerzeug.com\/blog\/category\/kundenstories\/\">Kundenstories<\/a>\n<\/li>\n\t<li class=\"cat-item cat-item-3\"><a href=\"https:\/\/bic.feuerzeug.com\/blog\/category\/news\/\">News<\/a>\n<\/li>\n\t<li class=\"cat-item cat-item-1\"><a href=\"https:\/\/bic.feuerzeug.com\/blog\/category\/produktneuheiten\/\">Produktneuheiten<\/a>\n<\/li>\n<\/ul><\/div>\n<\/div>\n<\/div>\n\n\n\n<div class=\"wp-block-group has-base-2-background-color has-background has-global-padding is-layout-constrained wp-block-group-is-layout-constrained\" style=\"margin-top:var(--wp--preset--spacing--20);margin-bottom:var(--wp--preset--spacing--20);padding-top:var(--wp--preset--spacing--10);padding-bottom:var(--wp--preset--spacing--10)\">\n<div class=\"wp-block-group is-nowrap is-layout-flex wp-container-core-group-is-layout-6c531013 wp-block-group-is-layout-flex\">\n<h2 class=\"wp-block-heading\">Unsere Produktwelten<\/h2>\n<\/div>\n\n\n\n<div class=\"wp-block-columns is-layout-flex wp-container-core-columns-is-layout-28f84493 wp-block-columns-is-layout-flex\">\n<div class=\"wp-block-column is-layout-flow wp-block-column-is-layout-flow\">\n<figure class=\"wp-block-image size-full\"><a href=\"https:\/\/bedruckte.schweizer-messer.de\/\"><img loading=\"lazy\" decoding=\"async\" width=\"1000\" height=\"600\" src=\"https:\/\/bic.feuerzeug.com\/blog\/wp-content\/uploads\/2024\/04\/e97cb97a-9484-4cd0-a6eb-dc015d6c99ad.jpg\" alt=\"\" class=\"wp-image-142\" srcset=\"https:\/\/bic.feuerzeug.com\/blog\/wp-content\/uploads\/2024\/04\/e97cb97a-9484-4cd0-a6eb-dc015d6c99ad.jpg 1000w, https:\/\/bic.feuerzeug.com\/blog\/wp-content\/uploads\/2024\/04\/e97cb97a-9484-4cd0-a6eb-dc015d6c99ad-300x180.jpg 300w, https:\/\/bic.feuerzeug.com\/blog\/wp-content\/uploads\/2024\/04\/e97cb97a-9484-4cd0-a6eb-dc015d6c99ad-768x461.jpg 768w\" sizes=\"auto, (max-width: 1000px) 100vw, 1000px\" \/><\/a><\/figure>\n<\/div>\n\n\n\n<div class=\"wp-block-column is-layout-flow wp-block-column-is-layout-flow\">\n<figure class=\"wp-block-image size-full\"><a href=\"https:\/\/bic.feuerzeug.com\/\"><img loading=\"lazy\" decoding=\"async\" width=\"1000\" height=\"600\" src=\"https:\/\/bic.feuerzeug.com\/blog\/wp-content\/uploads\/2024\/04\/8c6af2ec-dba5-4db3-8d38-e9743aa8f026.jpg\" alt=\"\" class=\"wp-image-144\" srcset=\"https:\/\/bic.feuerzeug.com\/blog\/wp-content\/uploads\/2024\/04\/8c6af2ec-dba5-4db3-8d38-e9743aa8f026.jpg 1000w, https:\/\/bic.feuerzeug.com\/blog\/wp-content\/uploads\/2024\/04\/8c6af2ec-dba5-4db3-8d38-e9743aa8f026-300x180.jpg 300w, https:\/\/bic.feuerzeug.com\/blog\/wp-content\/uploads\/2024\/04\/8c6af2ec-dba5-4db3-8d38-e9743aa8f026-768x461.jpg 768w\" sizes=\"auto, (max-width: 1000px) 100vw, 1000px\" \/><\/a><\/figure>\n<\/div>\n<\/div>\n\n\n\n<div class=\"wp-block-columns is-layout-flex wp-container-core-columns-is-layout-28f84493 wp-block-columns-is-layout-flex\">\n<div class=\"wp-block-column is-layout-flow wp-block-column-is-layout-flow\">\n<figure class=\"wp-block-image size-full\"><a href=\"https:\/\/www.plastikbaelle.com\/startseite.html\"><img loading=\"lazy\" decoding=\"async\" width=\"1000\" height=\"600\" src=\"https:\/\/bic.feuerzeug.com\/blog\/wp-content\/uploads\/2024\/04\/c8073180-5c2c-4cb7-b3ac-4cf87f14fdc5.jpg\" alt=\"\" class=\"wp-image-146\" srcset=\"https:\/\/bic.feuerzeug.com\/blog\/wp-content\/uploads\/2024\/04\/c8073180-5c2c-4cb7-b3ac-4cf87f14fdc5.jpg 1000w, https:\/\/bic.feuerzeug.com\/blog\/wp-content\/uploads\/2024\/04\/c8073180-5c2c-4cb7-b3ac-4cf87f14fdc5-300x180.jpg 300w, https:\/\/bic.feuerzeug.com\/blog\/wp-content\/uploads\/2024\/04\/c8073180-5c2c-4cb7-b3ac-4cf87f14fdc5-768x461.jpg 768w\" sizes=\"auto, (max-width: 1000px) 100vw, 1000px\" \/><\/a><\/figure>\n<\/div>\n\n\n\n<div class=\"wp-block-column is-layout-flow wp-block-column-is-layout-flow\">\n<figure class=\"wp-block-image size-full\"><a href=\"https:\/\/bic.bedruckte-schreibgeraete.de\/\"><img decoding=\"async\" src=\"https:\/\/bic.feuerzeug.com\/blog\/wp-content\/uploads\/2024\/07\/bbsg.jpg\" alt=\"\" class=\"wp-image-394\"\/><\/a><\/figure>\n<\/div>\n<\/div>\n<\/div>\n","protected":false},"excerpt":{"rendered":"<p>Unsere Produktwelten<\/p>\n","protected":false},"author":1,"featured_media":0,"parent":0,"menu_order":0,"comment_status":"closed","ping_status":"closed","template":"","meta":{"footnotes":""},"class_list":["post-2","page","type-page","status-publish","hentry"],"yoast_head":"<!-- This site is optimized with the Yoast SEO plugin v26.6 - https:\/\/yoast.com\/wordpress\/plugins\/seo\/ -->\n<title>Werbeartikel Trends &amp; Tipps - bic.feuerzeug.com - Blog<\/title>\n<meta name=\"description\" content=\"Entdecken Sie die neuesten Trends &amp; Tipps f\u00fcr Werbeartikel. Erfahren Sie, wie Sie mit kreativen Werbegeschenken Ihre Marke st\u00e4rken &amp; Kunden begeistern.\" \/>\n<meta name=\"robots\" content=\"index, follow, max-snippet:-1, max-image-preview:large, max-video-preview:-1\" \/>\n<link rel=\"canonical\" href=\"https:\/\/bic.feuerzeug.com\/blog\/\" \/>\n<meta property=\"og:locale\" content=\"de_DE\" \/>\n<meta property=\"og:type\" content=\"article\" \/>\n<meta property=\"og:title\" content=\"Werbeartikel Trends &amp; Tipps - bic.feuerzeug.com - Blog\" \/>\n<meta property=\"og:description\" content=\"Entdecken Sie die neuesten Trends &amp; Tipps f\u00fcr Werbeartikel. Erfahren Sie, wie Sie mit kreativen Werbegeschenken Ihre Marke st\u00e4rken &amp; Kunden begeistern.\" \/>\n<meta property=\"og:url\" content=\"https:\/\/bic.feuerzeug.com\/blog\/\" \/>\n<meta property=\"og:site_name\" content=\"bic.feuerzeug.com - Blog\" \/>\n<meta property=\"article:modified_time\" content=\"2024-07-09T09:10:18+00:00\" \/>\n<meta property=\"og:image\" content=\"https:\/\/bic.feuerzeug.com\/blog\/wp-content\/uploads\/2024\/04\/e97cb97a-9484-4cd0-a6eb-dc015d6c99ad.jpg\" \/>\n<meta name=\"twitter:card\" content=\"summary_large_image\" \/>\n<meta name=\"twitter:label1\" content=\"Gesch\u00e4tzte Lesezeit\" \/>\n\t<meta name=\"twitter:data1\" content=\"5\u00a0Minuten\" \/>\n<script type=\"application\/ld+json\" class=\"yoast-schema-graph\">{\"@context\":\"https:\/\/schema.org\",\"@graph\":[{\"@type\":\"WebPage\",\"@id\":\"https:\/\/bic.feuerzeug.com\/blog\/\",\"url\":\"https:\/\/bic.feuerzeug.com\/blog\/\",\"name\":\"Werbeartikel Trends &amp; Tipps - bic.feuerzeug.com - Blog\",\"isPartOf\":{\"@id\":\"https:\/\/bic.feuerzeug.com\/blog\/#website\"},\"primaryImageOfPage\":{\"@id\":\"https:\/\/bic.feuerzeug.com\/blog\/#primaryimage\"},\"image\":{\"@id\":\"https:\/\/bic.feuerzeug.com\/blog\/#primaryimage\"},\"thumbnailUrl\":\"https:\/\/bic.feuerzeug.com\/blog\/wp-content\/uploads\/2024\/04\/e97cb97a-9484-4cd0-a6eb-dc015d6c99ad.jpg\",\"datePublished\":\"2024-04-16T10:34:35+00:00\",\"dateModified\":\"2024-07-09T09:10:18+00:00\",\"description\":\"Entdecken Sie die neuesten Trends & Tipps f\u00fcr Werbeartikel. Erfahren Sie, wie Sie mit kreativen Werbegeschenken Ihre Marke st\u00e4rken & Kunden begeistern.\",\"breadcrumb\":{\"@id\":\"https:\/\/bic.feuerzeug.com\/blog\/#breadcrumb\"},\"inLanguage\":\"de\",\"potentialAction\":[{\"@type\":\"ReadAction\",\"target\":[\"https:\/\/bic.feuerzeug.com\/blog\/\"]}]},{\"@type\":\"ImageObject\",\"inLanguage\":\"de\",\"@id\":\"https:\/\/bic.feuerzeug.com\/blog\/#primaryimage\",\"url\":\"https:\/\/bic.feuerzeug.com\/blog\/wp-content\/uploads\/2024\/04\/e97cb97a-9484-4cd0-a6eb-dc015d6c99ad.jpg\",\"contentUrl\":\"https:\/\/bic.feuerzeug.com\/blog\/wp-content\/uploads\/2024\/04\/e97cb97a-9484-4cd0-a6eb-dc015d6c99ad.jpg\",\"width\":1000,\"height\":600,\"caption\":\"Original Schweizer Taschenmesser\"},{\"@type\":\"BreadcrumbList\",\"@id\":\"https:\/\/bic.feuerzeug.com\/blog\/#breadcrumb\",\"itemListElement\":[{\"@type\":\"ListItem\",\"position\":1,\"name\":\"Startseite\",\"item\":\"https:\/\/bic.feuerzeug.com\/blog\/\"},{\"@type\":\"ListItem\",\"position\":2,\"name\":\"Werbeartikel Trends &amp; Tipps\"}]},{\"@type\":\"WebSite\",\"@id\":\"https:\/\/bic.feuerzeug.com\/blog\/#website\",\"url\":\"https:\/\/bic.feuerzeug.com\/blog\/\",\"name\":\"bic.feuerzeug.com - Blog\",\"description\":\"\",\"publisher\":{\"@id\":\"https:\/\/bic.feuerzeug.com\/blog\/#organization\"},\"potentialAction\":[{\"@type\":\"SearchAction\",\"target\":{\"@type\":\"EntryPoint\",\"urlTemplate\":\"https:\/\/bic.feuerzeug.com\/blog\/?s={search_term_string}\"},\"query-input\":{\"@type\":\"PropertyValueSpecification\",\"valueRequired\":true,\"valueName\":\"search_term_string\"}}],\"inLanguage\":\"de\"},{\"@type\":\"Organization\",\"@id\":\"https:\/\/bic.feuerzeug.com\/blog\/#organization\",\"name\":\"bic.feuerzeug.com - Blog\",\"url\":\"https:\/\/bic.feuerzeug.com\/blog\/\",\"logo\":{\"@type\":\"ImageObject\",\"inLanguage\":\"de\",\"@id\":\"https:\/\/bic.feuerzeug.com\/blog\/#\/schema\/logo\/image\/\",\"url\":\"https:\/\/bic.feuerzeug.com\/blog\/wp-content\/uploads\/2024\/07\/bic_2019.png\",\"contentUrl\":\"https:\/\/bic.feuerzeug.com\/blog\/wp-content\/uploads\/2024\/07\/bic_2019.png\",\"width\":339,\"height\":70,\"caption\":\"bic.feuerzeug.com - Blog\"},\"image\":{\"@id\":\"https:\/\/bic.feuerzeug.com\/blog\/#\/schema\/logo\/image\/\"}}]}<\/script>\n<!-- \/ Yoast SEO plugin. -->","yoast_head_json":{"title":"Werbeartikel Trends &amp; Tipps - bic.feuerzeug.com - Blog","description":"Entdecken Sie die neuesten Trends & Tipps f\u00fcr Werbeartikel. Erfahren Sie, wie Sie mit kreativen Werbegeschenken Ihre Marke st\u00e4rken & Kunden begeistern.","robots":{"index":"index","follow":"follow","max-snippet":"max-snippet:-1","max-image-preview":"max-image-preview:large","max-video-preview":"max-video-preview:-1"},"canonical":"https:\/\/bic.feuerzeug.com\/blog\/","og_locale":"de_DE","og_type":"article","og_title":"Werbeartikel Trends &amp; Tipps - bic.feuerzeug.com - Blog","og_description":"Entdecken Sie die neuesten Trends & Tipps f\u00fcr Werbeartikel. Erfahren Sie, wie Sie mit kreativen Werbegeschenken Ihre Marke st\u00e4rken & Kunden begeistern.","og_url":"https:\/\/bic.feuerzeug.com\/blog\/","og_site_name":"bic.feuerzeug.com - Blog","article_modified_time":"2024-07-09T09:10:18+00:00","og_image":[{"url":"https:\/\/bic.feuerzeug.com\/blog\/wp-content\/uploads\/2024\/04\/e97cb97a-9484-4cd0-a6eb-dc015d6c99ad.jpg","type":"","width":"","height":""}],"twitter_card":"summary_large_image","twitter_misc":{"Gesch\u00e4tzte Lesezeit":"5\u00a0Minuten"},"schema":{"@context":"https:\/\/schema.org","@graph":[{"@type":"WebPage","@id":"https:\/\/bic.feuerzeug.com\/blog\/","url":"https:\/\/bic.feuerzeug.com\/blog\/","name":"Werbeartikel Trends &amp; Tipps - bic.feuerzeug.com - Blog","isPartOf":{"@id":"https:\/\/bic.feuerzeug.com\/blog\/#website"},"primaryImageOfPage":{"@id":"https:\/\/bic.feuerzeug.com\/blog\/#primaryimage"},"image":{"@id":"https:\/\/bic.feuerzeug.com\/blog\/#primaryimage"},"thumbnailUrl":"https:\/\/bic.feuerzeug.com\/blog\/wp-content\/uploads\/2024\/04\/e97cb97a-9484-4cd0-a6eb-dc015d6c99ad.jpg","datePublished":"2024-04-16T10:34:35+00:00","dateModified":"2024-07-09T09:10:18+00:00","description":"Entdecken Sie die neuesten Trends & Tipps f\u00fcr Werbeartikel. Erfahren Sie, wie Sie mit kreativen Werbegeschenken Ihre Marke st\u00e4rken & Kunden begeistern.","breadcrumb":{"@id":"https:\/\/bic.feuerzeug.com\/blog\/#breadcrumb"},"inLanguage":"de","potentialAction":[{"@type":"ReadAction","target":["https:\/\/bic.feuerzeug.com\/blog\/"]}]},{"@type":"ImageObject","inLanguage":"de","@id":"https:\/\/bic.feuerzeug.com\/blog\/#primaryimage","url":"https:\/\/bic.feuerzeug.com\/blog\/wp-content\/uploads\/2024\/04\/e97cb97a-9484-4cd0-a6eb-dc015d6c99ad.jpg","contentUrl":"https:\/\/bic.feuerzeug.com\/blog\/wp-content\/uploads\/2024\/04\/e97cb97a-9484-4cd0-a6eb-dc015d6c99ad.jpg","width":1000,"height":600,"caption":"Original Schweizer Taschenmesser"},{"@type":"BreadcrumbList","@id":"https:\/\/bic.feuerzeug.com\/blog\/#breadcrumb","itemListElement":[{"@type":"ListItem","position":1,"name":"Startseite","item":"https:\/\/bic.feuerzeug.com\/blog\/"},{"@type":"ListItem","position":2,"name":"Werbeartikel Trends &amp; Tipps"}]},{"@type":"WebSite","@id":"https:\/\/bic.feuerzeug.com\/blog\/#website","url":"https:\/\/bic.feuerzeug.com\/blog\/","name":"bic.feuerzeug.com - Blog","description":"","publisher":{"@id":"https:\/\/bic.feuerzeug.com\/blog\/#organization"},"potentialAction":[{"@type":"SearchAction","target":{"@type":"EntryPoint","urlTemplate":"https:\/\/bic.feuerzeug.com\/blog\/?s={search_term_string}"},"query-input":{"@type":"PropertyValueSpecification","valueRequired":true,"valueName":"search_term_string"}}],"inLanguage":"de"},{"@type":"Organization","@id":"https:\/\/bic.feuerzeug.com\/blog\/#organization","name":"bic.feuerzeug.com - Blog","url":"https:\/\/bic.feuerzeug.com\/blog\/","logo":{"@type":"ImageObject","inLanguage":"de","@id":"https:\/\/bic.feuerzeug.com\/blog\/#\/schema\/logo\/image\/","url":"https:\/\/bic.feuerzeug.com\/blog\/wp-content\/uploads\/2024\/07\/bic_2019.png","contentUrl":"https:\/\/bic.feuerzeug.com\/blog\/wp-content\/uploads\/2024\/07\/bic_2019.png","width":339,"height":70,"caption":"bic.feuerzeug.com - Blog"},"image":{"@id":"https:\/\/bic.feuerzeug.com\/blog\/#\/schema\/logo\/image\/"}}]}},"_links":{"self":[{"href":"https:\/\/bic.feuerzeug.com\/blog\/wp-json\/wp\/v2\/pages\/2","targetHints":{"allow":["GET"]}}],"collection":[{"href":"https:\/\/bic.feuerzeug.com\/blog\/wp-json\/wp\/v2\/pages"}],"about":[{"href":"https:\/\/bic.feuerzeug.com\/blog\/wp-json\/wp\/v2\/types\/page"}],"author":[{"embeddable":true,"href":"https:\/\/bic.feuerzeug.com\/blog\/wp-json\/wp\/v2\/users\/1"}],"replies":[{"embeddable":true,"href":"https:\/\/bic.feuerzeug.com\/blog\/wp-json\/wp\/v2\/comments?post=2"}],"version-history":[{"count":51,"href":"https:\/\/bic.feuerzeug.com\/blog\/wp-json\/wp\/v2\/pages\/2\/revisions"}],"predecessor-version":[{"id":401,"href":"https:\/\/bic.feuerzeug.com\/blog\/wp-json\/wp\/v2\/pages\/2\/revisions\/401"}],"wp:attachment":[{"href":"https:\/\/bic.feuerzeug.com\/blog\/wp-json\/wp\/v2\/media?parent=2"}],"curies":[{"name":"wp","href":"https:\/\/api.w.org\/{rel}","templated":true}]}}